{"id":4824,"date":"2022-05-16T10:59:09","date_gmt":"2022-05-16T13:59:09","guid":{"rendered":"http:\/\/170.210.81.106\/facimed\/?page_id=4824"},"modified":"2022-05-16T11:06:54","modified_gmt":"2022-05-16T14:06:54","slug":"novedades","status":"publish","type":"page","link":"https:\/\/medicina.uncoma.edu.ar\/index.php\/novedades\/","title":{"rendered":"Novedades"},"content":{"rendered":"\t\t<div data-elementor-type=\"wp-page\" data-elementor-id=\"4824\" class=\"elementor elementor-4824\" data-elementor-post-type=\"page\">\n\t\t\t\t\t\t<section class=\"elementor-section elementor-top-section elementor-element elementor-element-54b9545 elementor-section-boxed elementor-section-height-default elementor-section-height-default\" data-id=\"54b9545\" data-element_type=\"section\" data-e-type=\"section\">\n\t\t\t\t\t\t<div class=\"elementor-container elementor-column-gap-default\">\n\t\t\t\t\t<div class=\"elementor-column elementor-col-100 elementor-top-column elementor-element elementor-element-2646ac5\" data-id=\"2646ac5\" data-element_type=\"column\" data-e-type=\"column\">\n\t\t\t<div class=\"elementor-widget-wrap elementor-element-populated\">\n\t\t\t\t\t\t<div class=\"elementor-element elementor-element-436920d elementor-grid-3 elementor-grid-tablet-2 elementor-grid-mobile-1 elementor-posts--thumbnail-top elementor-posts__hover-gradient elementor-widget elementor-widget-posts\" data-id=\"436920d\" data-element_type=\"widget\" data-e-type=\"widget\" data-settings=\"{&quot;pagination_type&quot;:&quot;numbers_and_prev_next&quot;,&quot;cards_columns&quot;:&quot;3&quot;,&quot;cards_columns_tablet&quot;:&quot;2&quot;,&quot;cards_columns_mobile&quot;:&quot;1&quot;,&quot;cards_row_gap&quot;:{&quot;unit&quot;:&quot;px&quot;,&quot;size&quot;:35,&quot;sizes&quot;:[]},&quot;cards_row_gap_tablet&quot;:{&quot;unit&quot;:&quot;px&quot;,&quot;size&quot;:&quot;&quot;,&quot;sizes&quot;:[]},&quot;cards_row_gap_mobile&quot;:{&quot;unit&quot;:&quot;px&quot;,&quot;size&quot;:&quot;&quot;,&quot;sizes&quot;:[]}}\" data-widget_type=\"posts.cards\">\n\t\t\t\t<div class=\"elementor-widget-container\">\n\t\t\t\t\t\t\t<div class=\"elementor-posts-container elementor-posts elementor-posts--skin-cards elementor-grid\" role=\"list\">\r\n\t\t\t\t<article class=\"elementor-post elementor-grid-item post-12804 post type-post status-publish format-standard has-post-thumbnail hentry category-academica category-docentes category-novedades category-novedades-docentes\" role=\"listitem\">\r\n\t\t\t<div class=\"elementor-post__card\">\r\n\t\t\t\t<a class=\"elementor-post__thumbnail__link\" href=\"https:\/\/medicina.uncoma.edu.ar\/index.php\/novedades\/concurso-regular-cargo-profesor-adjunto-dpto-biomedico-area-fisiopatologia-y-farmacologia-orientacion-estructura-patologica-y-fisiopatologia-locacion-cipolletti\/\" tabindex=\"-1\" ><div class=\"elementor-post__thumbnail\"><img fetchpriority=\"high\" decoding=\"async\" width=\"536\" height=\"350\" src=\"https:\/\/medicina.uncoma.edu.ar\/wp-content\/uploads\/2022\/04\/logo-facimed.png\" class=\"attachment-full size-full wp-image-2603\" alt=\"\" \/><\/div><\/a>\r\n\t\t\t\t<div class=\"elementor-post__badge\">Acad\u00e9mica<\/div>\r\n\t\t\t\t<div class=\"elementor-post__text\">\r\n\t\t\t\t<h3 class=\"elementor-post__title\">\r\n\t\t\t<a href=\"https:\/\/medicina.uncoma.edu.ar\/index.php\/novedades\/concurso-regular-cargo-profesor-adjunto-dpto-biomedico-area-fisiopatologia-y-farmacologia-orientacion-estructura-patologica-y-fisiopatologia-locacion-cipolletti\/\" >\r\n\t\t\t\tCONCURSO REGULAR CARGO PROFESOR ADJUNTO-DPTO. [...]\t\t\t<\/a>\r\n\t\t<\/h3>\r\n\t\t\t\t<div class=\"elementor-post__excerpt\">\r\n\t\t\t<p>Concurso regular cargo Profesor Adjunto con Dedicaci\u00f3n Simple (pad_3), Dpto. Biom\u00e9dico, \u00e1rea: [...]<\/p>\n\t\t<\/div>\r\n\t\t\r\n\t\t<a class=\"elementor-post__read-more\" href=\"https:\/\/medicina.uncoma.edu.ar\/index.php\/novedades\/concurso-regular-cargo-profesor-adjunto-dpto-biomedico-area-fisiopatologia-y-farmacologia-orientacion-estructura-patologica-y-fisiopatologia-locacion-cipolletti\/\" aria-label=\"Read more about CONCURSO REGULAR CARGO PROFESOR ADJUNTO-DPTO. [...]\" tabindex=\"-1\" >\r\n\t\t\tLeer nota completa \u00bb\t\t<\/a>\r\n\r\n\t\t\t\t<\/div>\r\n\t\t\t\t<div class=\"elementor-post__meta-data\">\r\n\t\t\t\t\t<span class=\"elementor-post-date\">\r\n\t\t\t14 mayo, 2026\t\t<\/span>\r\n\t\t\t\t<\/div>\r\n\t\t\t\t\t<\/div>\r\n\t\t<\/article>\r\n\t\t\t\t<article class=\"elementor-post elementor-grid-item post-12801 post type-post status-publish format-standard has-post-thumbnail hentry category-academica category-docentes category-novedades category-novedades-docentes\" role=\"listitem\">\r\n\t\t\t<div class=\"elementor-post__card\">\r\n\t\t\t\t<a class=\"elementor-post__thumbnail__link\" href=\"https:\/\/medicina.uncoma.edu.ar\/index.php\/novedades\/acta-sorteo-de-temas-de-la-seleccion-docente-de-neurofisiologia-carrera-lic-y-prof-en-psicopedagogia-curzas\/\" tabindex=\"-1\" ><div class=\"elementor-post__thumbnail\"><img fetchpriority=\"high\" decoding=\"async\" width=\"536\" height=\"350\" src=\"https:\/\/medicina.uncoma.edu.ar\/wp-content\/uploads\/2022\/04\/logo-facimed.png\" class=\"attachment-full size-full wp-image-2603\" alt=\"\" \/><\/div><\/a>\r\n\t\t\t\t<div class=\"elementor-post__badge\">Acad\u00e9mica<\/div>\r\n\t\t\t\t<div class=\"elementor-post__text\">\r\n\t\t\t\t<h3 class=\"elementor-post__title\">\r\n\t\t\t<a href=\"https:\/\/medicina.uncoma.edu.ar\/index.php\/novedades\/acta-sorteo-de-temas-de-la-seleccion-docente-de-neurofisiologia-carrera-lic-y-prof-en-psicopedagogia-curzas\/\" >\r\n\t\t\t\tACTA SORTEO DE TEMAS DE LA SELECCI\u00d3N DOCENTE DE [...]\t\t\t<\/a>\r\n\t\t<\/h3>\r\n\t\t\t\t<div class=\"elementor-post__excerpt\">\r\n\t\t\t<p>Acta Sorteo de Temas de la Selecci\u00f3n Docente de Neurofisiolog\u00eda, cargo AYP_3, carrera: Lic. y [...]<\/p>\n\t\t<\/div>\r\n\t\t\r\n\t\t<a class=\"elementor-post__read-more\" href=\"https:\/\/medicina.uncoma.edu.ar\/index.php\/novedades\/acta-sorteo-de-temas-de-la-seleccion-docente-de-neurofisiologia-carrera-lic-y-prof-en-psicopedagogia-curzas\/\" aria-label=\"Read more about ACTA SORTEO DE TEMAS DE LA SELECCI\u00d3N DOCENTE DE [...]\" tabindex=\"-1\" >\r\n\t\t\tLeer nota completa \u00bb\t\t<\/a>\r\n\r\n\t\t\t\t<\/div>\r\n\t\t\t\t<div class=\"elementor-post__meta-data\">\r\n\t\t\t\t\t<span class=\"elementor-post-date\">\r\n\t\t\t14 mayo, 2026\t\t<\/span>\r\n\t\t\t\t<\/div>\r\n\t\t\t\t\t<\/div>\r\n\t\t<\/article>\r\n\t\t\t\t<article class=\"elementor-post elementor-grid-item post-12798 post type-post status-publish format-standard has-post-thumbnail hentry category-academica category-docentes category-novedades category-novedades-docentes\" role=\"listitem\">\r\n\t\t\t<div class=\"elementor-post__card\">\r\n\t\t\t\t<a class=\"elementor-post__thumbnail__link\" href=\"https:\/\/medicina.uncoma.edu.ar\/index.php\/novedades\/reglamento-para-concursos-regulares-y-reglamento-de-las-selecciones-docentes-interinas\/\" tabindex=\"-1\" ><div class=\"elementor-post__thumbnail\"><img fetchpriority=\"high\" decoding=\"async\" width=\"536\" height=\"350\" src=\"https:\/\/medicina.uncoma.edu.ar\/wp-content\/uploads\/2022\/04\/logo-facimed.png\" class=\"attachment-full size-full wp-image-2603\" alt=\"\" \/><\/div><\/a>\r\n\t\t\t\t<div class=\"elementor-post__badge\">Acad\u00e9mica<\/div>\r\n\t\t\t\t<div class=\"elementor-post__text\">\r\n\t\t\t\t<h3 class=\"elementor-post__title\">\r\n\t\t\t<a href=\"https:\/\/medicina.uncoma.edu.ar\/index.php\/novedades\/reglamento-para-concursos-regulares-y-reglamento-de-las-selecciones-docentes-interinas\/\" >\r\n\t\t\t\tREGLAMENTO PARA CONCURSOS REGULARES Y REGLAMENTO [...]\t\t\t<\/a>\r\n\t\t<\/h3>\r\n\t\t\t\t<div class=\"elementor-post__excerpt\">\r\n\t\t\t<p>Res. CD. N\u00b0 0021\/26 Incorporaci\u00f3n de nuevas carreras a la Estructura Departamental. [...]<\/p>\n\t\t<\/div>\r\n\t\t\r\n\t\t<a class=\"elementor-post__read-more\" href=\"https:\/\/medicina.uncoma.edu.ar\/index.php\/novedades\/reglamento-para-concursos-regulares-y-reglamento-de-las-selecciones-docentes-interinas\/\" aria-label=\"Read more about REGLAMENTO PARA CONCURSOS REGULARES Y REGLAMENTO [...]\" tabindex=\"-1\" >\r\n\t\t\tLeer nota completa \u00bb\t\t<\/a>\r\n\r\n\t\t\t\t<\/div>\r\n\t\t\t\t<div class=\"elementor-post__meta-data\">\r\n\t\t\t\t\t<span class=\"elementor-post-date\">\r\n\t\t\t14 mayo, 2026\t\t<\/span>\r\n\t\t\t\t<\/div>\r\n\t\t\t\t\t<\/div>\r\n\t\t<\/article>\r\n\t\t\t\t<article class=\"elementor-post elementor-grid-item post-12793 post type-post status-publish format-standard has-post-thumbnail hentry category-academica category-docentes category-novedades category-novedades-docentes\" role=\"listitem\">\r\n\t\t\t<div class=\"elementor-post__card\">\r\n\t\t\t\t<a class=\"elementor-post__thumbnail__link\" href=\"https:\/\/medicina.uncoma.edu.ar\/index.php\/novedades\/seleccion-docente-de-neurofisiologia-carrera-lic-y-prof-en-psicopedagogia-curzas\/\" tabindex=\"-1\" ><div class=\"elementor-post__thumbnail\"><img fetchpriority=\"high\" decoding=\"async\" width=\"536\" height=\"350\" src=\"https:\/\/medicina.uncoma.edu.ar\/wp-content\/uploads\/2022\/04\/logo-facimed.png\" class=\"attachment-full size-full wp-image-2603\" alt=\"\" \/><\/div><\/a>\r\n\t\t\t\t<div class=\"elementor-post__badge\">Acad\u00e9mica<\/div>\r\n\t\t\t\t<div class=\"elementor-post__text\">\r\n\t\t\t\t<h3 class=\"elementor-post__title\">\r\n\t\t\t<a href=\"https:\/\/medicina.uncoma.edu.ar\/index.php\/novedades\/seleccion-docente-de-neurofisiologia-carrera-lic-y-prof-en-psicopedagogia-curzas\/\" >\r\n\t\t\t\tSELECCI\u00d3N DOCENTE DE NEUROFISIOLOG\u00cdA- CARRERA: [...]\t\t\t<\/a>\r\n\t\t<\/h3>\r\n\t\t\t\t<div class=\"elementor-post__excerpt\">\r\n\t\t\t<p>Informaci\u00f3n Selecci\u00f3n Docente de Neurofisiolog\u00eda, cargo AYP_3, carrera: Lic. y Prof. en [...]<\/p>\n\t\t<\/div>\r\n\t\t\r\n\t\t<a class=\"elementor-post__read-more\" href=\"https:\/\/medicina.uncoma.edu.ar\/index.php\/novedades\/seleccion-docente-de-neurofisiologia-carrera-lic-y-prof-en-psicopedagogia-curzas\/\" aria-label=\"Read more about SELECCI\u00d3N DOCENTE DE NEUROFISIOLOG\u00cdA- CARRERA: [...]\" tabindex=\"-1\" >\r\n\t\t\tLeer nota completa \u00bb\t\t<\/a>\r\n\r\n\t\t\t\t<\/div>\r\n\t\t\t\t<div class=\"elementor-post__meta-data\">\r\n\t\t\t\t\t<span class=\"elementor-post-date\">\r\n\t\t\t13 mayo, 2026\t\t<\/span>\r\n\t\t\t\t<\/div>\r\n\t\t\t\t\t<\/div>\r\n\t\t<\/article>\r\n\t\t\t\t<article class=\"elementor-post elementor-grid-item post-12783 post type-post status-publish format-standard has-post-thumbnail hentry category-novedades\" role=\"listitem\">\r\n\t\t\t<div class=\"elementor-post__card\">\r\n\t\t\t\t<a class=\"elementor-post__thumbnail__link\" href=\"https:\/\/medicina.uncoma.edu.ar\/index.php\/novedades\/cambio-de-horario-en-la-clase-inaugural-del-seminario-guia-de-trauma-raquimedular\/\" tabindex=\"-1\" ><div class=\"elementor-post__thumbnail\"><img fetchpriority=\"high\" decoding=\"async\" width=\"536\" height=\"350\" src=\"https:\/\/medicina.uncoma.edu.ar\/wp-content\/uploads\/2022\/04\/logo-facimed.png\" class=\"attachment-full size-full wp-image-2603\" alt=\"\" \/><\/div><\/a>\r\n\t\t\t\t<div class=\"elementor-post__badge\">Novedades<\/div>\r\n\t\t\t\t<div class=\"elementor-post__text\">\r\n\t\t\t\t<h3 class=\"elementor-post__title\">\r\n\t\t\t<a href=\"https:\/\/medicina.uncoma.edu.ar\/index.php\/novedades\/cambio-de-horario-en-la-clase-inaugural-del-seminario-guia-de-trauma-raquimedular\/\" >\r\n\t\t\t\tCAMBIO DE HORARIO EN LA CLASE INAUGURAL DEL [...]\t\t\t<\/a>\r\n\t\t<\/h3>\r\n\t\t\t\t<div class=\"elementor-post__excerpt\">\r\n\t\t\t\t\t<\/div>\r\n\t\t\r\n\t\t<a class=\"elementor-post__read-more\" href=\"https:\/\/medicina.uncoma.edu.ar\/index.php\/novedades\/cambio-de-horario-en-la-clase-inaugural-del-seminario-guia-de-trauma-raquimedular\/\" aria-label=\"Read more about CAMBIO DE HORARIO EN LA CLASE INAUGURAL DEL [...]\" tabindex=\"-1\" >\r\n\t\t\tLeer nota completa \u00bb\t\t<\/a>\r\n\r\n\t\t\t\t<\/div>\r\n\t\t\t\t<div class=\"elementor-post__meta-data\">\r\n\t\t\t\t\t<span class=\"elementor-post-date\">\r\n\t\t\t13 mayo, 2026\t\t<\/span>\r\n\t\t\t\t<\/div>\r\n\t\t\t\t\t<\/div>\r\n\t\t<\/article>\r\n\t\t\t\t<article class=\"elementor-post elementor-grid-item post-12778 post type-post status-publish format-standard has-post-thumbnail hentry category-novedades\" role=\"listitem\">\r\n\t\t\t<div class=\"elementor-post__card\">\r\n\t\t\t\t<a class=\"elementor-post__thumbnail__link\" href=\"https:\/\/medicina.uncoma.edu.ar\/index.php\/novedades\/elecciones-unco-26-y-27-de-mayo\/\" tabindex=\"-1\" ><div class=\"elementor-post__thumbnail\"><img fetchpriority=\"high\" decoding=\"async\" width=\"536\" height=\"350\" src=\"https:\/\/medicina.uncoma.edu.ar\/wp-content\/uploads\/2022\/04\/logo-facimed.png\" class=\"attachment-full size-full wp-image-2603\" alt=\"\" \/><\/div><\/a>\r\n\t\t\t\t<div class=\"elementor-post__badge\">Novedades<\/div>\r\n\t\t\t\t<div class=\"elementor-post__text\">\r\n\t\t\t\t<h3 class=\"elementor-post__title\">\r\n\t\t\t<a href=\"https:\/\/medicina.uncoma.edu.ar\/index.php\/novedades\/elecciones-unco-26-y-27-de-mayo\/\" >\r\n\t\t\t\tELECCIONES UNCo 26 Y 27 DE MAYO\t\t\t<\/a>\r\n\t\t<\/h3>\r\n\t\t\t\t<div class=\"elementor-post__excerpt\">\r\n\t\t\t<p>Compartimos un formulario para aquellas personas que est\u00e9n interesadas en participar como [...]<\/p>\n\t\t<\/div>\r\n\t\t\r\n\t\t<a class=\"elementor-post__read-more\" href=\"https:\/\/medicina.uncoma.edu.ar\/index.php\/novedades\/elecciones-unco-26-y-27-de-mayo\/\" aria-label=\"Read more about ELECCIONES UNCo 26 Y 27 DE MAYO\" tabindex=\"-1\" >\r\n\t\t\tLeer nota completa \u00bb\t\t<\/a>\r\n\r\n\t\t\t\t<\/div>\r\n\t\t\t\t<div class=\"elementor-post__meta-data\">\r\n\t\t\t\t\t<span class=\"elementor-post-date\">\r\n\t\t\t12 mayo, 2026\t\t<\/span>\r\n\t\t\t\t<\/div>\r\n\t\t\t\t\t<\/div>\r\n\t\t<\/article>\r\n\t\t\t\t<article class=\"elementor-post elementor-grid-item post-12776 post type-post status-publish format-standard has-post-thumbnail hentry category-academica category-docentes category-novedades category-novedades-docentes\" role=\"listitem\">\r\n\t\t\t<div class=\"elementor-post__card\">\r\n\t\t\t\t<a class=\"elementor-post__thumbnail__link\" href=\"https:\/\/medicina.uncoma.edu.ar\/index.php\/novedades\/orden-de-merito-de-seleccion-docente-materias-quimica-biologica-y-biofisica-carrera-tec-universitaria-en-emergencias-sanitarias-localizacion-catriel\/\" tabindex=\"-1\" ><div class=\"elementor-post__thumbnail\"><img fetchpriority=\"high\" decoding=\"async\" width=\"536\" height=\"350\" src=\"https:\/\/medicina.uncoma.edu.ar\/wp-content\/uploads\/2022\/04\/logo-facimed.png\" class=\"attachment-full size-full wp-image-2603\" alt=\"\" \/><\/div><\/a>\r\n\t\t\t\t<div class=\"elementor-post__badge\">Acad\u00e9mica<\/div>\r\n\t\t\t\t<div class=\"elementor-post__text\">\r\n\t\t\t\t<h3 class=\"elementor-post__title\">\r\n\t\t\t<a href=\"https:\/\/medicina.uncoma.edu.ar\/index.php\/novedades\/orden-de-merito-de-seleccion-docente-materias-quimica-biologica-y-biofisica-carrera-tec-universitaria-en-emergencias-sanitarias-localizacion-catriel\/\" >\r\n\t\t\t\tORDEN DE M\u00c9RITO DE SELECCI\u00d3N DOCENTE-MATERIAS: [...]\t\t\t<\/a>\r\n\t\t<\/h3>\r\n\t\t\t\t<div class=\"elementor-post__excerpt\">\r\n\t\t\t<p>Orden de M\u00e9rito de la selecci\u00f3n docente de Qu\u00edmica Biol\u00f3gica y Biof\u00edsica, cargo PAD_3, de la [...]<\/p>\n\t\t<\/div>\r\n\t\t\r\n\t\t<a class=\"elementor-post__read-more\" href=\"https:\/\/medicina.uncoma.edu.ar\/index.php\/novedades\/orden-de-merito-de-seleccion-docente-materias-quimica-biologica-y-biofisica-carrera-tec-universitaria-en-emergencias-sanitarias-localizacion-catriel\/\" aria-label=\"Read more about ORDEN DE M\u00c9RITO DE SELECCI\u00d3N DOCENTE-MATERIAS: [...]\" tabindex=\"-1\" >\r\n\t\t\tLeer nota completa \u00bb\t\t<\/a>\r\n\r\n\t\t\t\t<\/div>\r\n\t\t\t\t<div class=\"elementor-post__meta-data\">\r\n\t\t\t\t\t<span class=\"elementor-post-date\">\r\n\t\t\t12 mayo, 2026\t\t<\/span>\r\n\t\t\t\t<\/div>\r\n\t\t\t\t\t<\/div>\r\n\t\t<\/article>\r\n\t\t\t\t<article class=\"elementor-post elementor-grid-item post-12773 post type-post status-publish format-standard has-post-thumbnail hentry category-academica category-docentes category-novedades category-novedades-docentes\" role=\"listitem\">\r\n\t\t\t<div class=\"elementor-post__card\">\r\n\t\t\t\t<a class=\"elementor-post__thumbnail__link\" href=\"https:\/\/medicina.uncoma.edu.ar\/index.php\/novedades\/seleccion-de-ayudante-de-alumnos-ays-materia-patologia-carrera-medicina\/\" tabindex=\"-1\" ><div class=\"elementor-post__thumbnail\"><img fetchpriority=\"high\" decoding=\"async\" width=\"536\" height=\"350\" src=\"https:\/\/medicina.uncoma.edu.ar\/wp-content\/uploads\/2022\/04\/logo-facimed.png\" class=\"attachment-full size-full wp-image-2603\" alt=\"\" \/><\/div><\/a>\r\n\t\t\t\t<div class=\"elementor-post__badge\">Acad\u00e9mica<\/div>\r\n\t\t\t\t<div class=\"elementor-post__text\">\r\n\t\t\t\t<h3 class=\"elementor-post__title\">\r\n\t\t\t<a href=\"https:\/\/medicina.uncoma.edu.ar\/index.php\/novedades\/seleccion-de-ayudante-de-alumnos-ays-materia-patologia-carrera-medicina\/\" >\r\n\t\t\t\tSELECCI\u00d3N DE AYUDANTE DE ALUMNOS (AYS)-MATERIA: [...]\t\t\t<\/a>\r\n\t\t<\/h3>\r\n\t\t\t\t<div class=\"elementor-post__excerpt\">\r\n\t\t\t<p>Selecci\u00f3n de Ayudante de Alumnos (AYS) para cubrir 6 cargos para Patolog\u00eda, Carrera: Medicina [...]<\/p>\n\t\t<\/div>\r\n\t\t\r\n\t\t<a class=\"elementor-post__read-more\" href=\"https:\/\/medicina.uncoma.edu.ar\/index.php\/novedades\/seleccion-de-ayudante-de-alumnos-ays-materia-patologia-carrera-medicina\/\" aria-label=\"Read more about SELECCI\u00d3N DE AYUDANTE DE ALUMNOS (AYS)-MATERIA: [...]\" tabindex=\"-1\" >\r\n\t\t\tLeer nota completa \u00bb\t\t<\/a>\r\n\r\n\t\t\t\t<\/div>\r\n\t\t\t\t<div class=\"elementor-post__meta-data\">\r\n\t\t\t\t\t<span class=\"elementor-post-date\">\r\n\t\t\t12 mayo, 2026\t\t<\/span>\r\n\t\t\t\t<\/div>\r\n\t\t\t\t\t<\/div>\r\n\t\t<\/article>\r\n\t\t\t\t<article class=\"elementor-post elementor-grid-item post-12770 post type-post status-publish format-standard has-post-thumbnail hentry category-academica category-docentes category-novedades category-novedades-docentes\" role=\"listitem\">\r\n\t\t\t<div class=\"elementor-post__card\">\r\n\t\t\t\t<a class=\"elementor-post__thumbnail__link\" href=\"https:\/\/medicina.uncoma.edu.ar\/index.php\/novedades\/seleccion-docente-para-cubrir-3-cargos-asignatura-atencion-primaria-de-la-salud-i-carrera-medicina\/\" tabindex=\"-1\" ><div class=\"elementor-post__thumbnail\"><img fetchpriority=\"high\" decoding=\"async\" width=\"536\" height=\"350\" src=\"https:\/\/medicina.uncoma.edu.ar\/wp-content\/uploads\/2022\/04\/logo-facimed.png\" class=\"attachment-full size-full wp-image-2603\" alt=\"\" \/><\/div><\/a>\r\n\t\t\t\t<div class=\"elementor-post__badge\">Acad\u00e9mica<\/div>\r\n\t\t\t\t<div class=\"elementor-post__text\">\r\n\t\t\t\t<h3 class=\"elementor-post__title\">\r\n\t\t\t<a href=\"https:\/\/medicina.uncoma.edu.ar\/index.php\/novedades\/seleccion-docente-para-cubrir-3-cargos-asignatura-atencion-primaria-de-la-salud-i-carrera-medicina\/\" >\r\n\t\t\t\tSELECCI\u00d3N DOCENTE PARA CUBRIR 3 [...]\t\t\t<\/a>\r\n\t\t<\/h3>\r\n\t\t\t\t<div class=\"elementor-post__excerpt\">\r\n\t\t\t<p>Selecci\u00f3n Docente para cubrir 3 cargos de Ayudantes de Primera con Dedicaci\u00f3n simple (AYP_3) [...]<\/p>\n\t\t<\/div>\r\n\t\t\r\n\t\t<a class=\"elementor-post__read-more\" href=\"https:\/\/medicina.uncoma.edu.ar\/index.php\/novedades\/seleccion-docente-para-cubrir-3-cargos-asignatura-atencion-primaria-de-la-salud-i-carrera-medicina\/\" aria-label=\"Read more about SELECCI\u00d3N DOCENTE PARA CUBRIR 3 [...]\" tabindex=\"-1\" >\r\n\t\t\tLeer nota completa \u00bb\t\t<\/a>\r\n\r\n\t\t\t\t<\/div>\r\n\t\t\t\t<div class=\"elementor-post__meta-data\">\r\n\t\t\t\t\t<span class=\"elementor-post-date\">\r\n\t\t\t11 mayo, 2026\t\t<\/span>\r\n\t\t\t\t<\/div>\r\n\t\t\t\t\t<\/div>\r\n\t\t<\/article>\r\n\t\t\t\t<\/div>\r\n\t\t\r\n\t\t\t\t<div class=\"e-load-more-anchor\" data-page=\"1\" data-max-page=\"57\" data-next-page=\"https:\/\/medicina.uncoma.edu.ar\/index.php\/wp-json\/wp\/v2\/pages\/4824\/page\/2\/\"><\/div>\r\n\t\t\t\t<nav class=\"elementor-pagination\" aria-label=\"Pagination\">\r\n\t\t\t<span class=\"page-numbers prev\">&laquo; Anterior<\/span>\n<span aria-current=\"page\" class=\"page-numbers current\"><span class=\"elementor-screen-only\">Page<\/span>1<\/span>\n<a class=\"page-numbers\" href=\"https:\/\/medicina.uncoma.edu.ar\/index.php\/wp-json\/wp\/v2\/pages\/4824\/page\/2\/\"><span class=\"elementor-screen-only\">Page<\/span>2<\/a>\n<a class=\"page-numbers\" href=\"https:\/\/medicina.uncoma.edu.ar\/index.php\/wp-json\/wp\/v2\/pages\/4824\/page\/3\/\"><span class=\"elementor-screen-only\">Page<\/span>3<\/a>\n<span class=\"page-numbers dots\">&hellip;<\/span>\n<a class=\"page-numbers\" href=\"https:\/\/medicina.uncoma.edu.ar\/index.php\/wp-json\/wp\/v2\/pages\/4824\/page\/57\/\"><span class=\"elementor-screen-only\">Page<\/span>57<\/a>\n<a class=\"page-numbers next\" href=\"https:\/\/medicina.uncoma.edu.ar\/index.php\/wp-json\/wp\/v2\/pages\/4824\/page\/2\/\">Siguiente &raquo;<\/a>\t\t<\/nav>\r\n\t\t\t\t\t\t<\/div>\n\t\t\t\t<\/div>\n\t\t\t\t\t<\/div>\n\t\t<\/div>\n\t\t\t\t\t<\/div>\n\t\t<\/section>\n\t\t\t\t<\/div>\n\t\t","protected":false},"excerpt":{"rendered":"","protected":false},"author":1,"featured_media":2603,"parent":0,"menu_order":0,"comment_status":"closed","ping_status":"closed","template":"","meta":{"_acf_changed":false,"footnotes":""},"class_list":["post-4824","page","type-page","status-publish","has-post-thumbnail","hentry"],"acf":[],"_links":{"self":[{"href":"https:\/\/medicina.uncoma.edu.ar\/index.php\/wp-json\/wp\/v2\/pages\/4824","targetHints":{"allow":["GET"]}}],"collection":[{"href":"https:\/\/medicina.uncoma.edu.ar\/index.php\/wp-json\/wp\/v2\/pages"}],"about":[{"href":"https:\/\/medicina.uncoma.edu.ar\/index.php\/wp-json\/wp\/v2\/types\/page"}],"author":[{"embeddable":true,"href":"https:\/\/medicina.uncoma.edu.ar\/index.php\/wp-json\/wp\/v2\/users\/1"}],"replies":[{"embeddable":true,"href":"https:\/\/medicina.uncoma.edu.ar\/index.php\/wp-json\/wp\/v2\/comments?post=4824"}],"version-history":[{"count":6,"href":"https:\/\/medicina.uncoma.edu.ar\/index.php\/wp-json\/wp\/v2\/pages\/4824\/revisions"}],"predecessor-version":[{"id":4833,"href":"https:\/\/medicina.uncoma.edu.ar\/index.php\/wp-json\/wp\/v2\/pages\/4824\/revisions\/4833"}],"wp:featuredmedia":[{"embeddable":true,"href":"https:\/\/medicina.uncoma.edu.ar\/index.php\/wp-json\/wp\/v2\/media\/2603"}],"wp:attachment":[{"href":"https:\/\/medicina.uncoma.edu.ar\/index.php\/wp-json\/wp\/v2\/media?parent=4824"}],"curies":[{"name":"wp","href":"https:\/\/api.w.org\/{rel}","templated":true}]}}